{"id":991,"date":"2025-12-12T09:06:50","date_gmt":"2025-12-12T08:06:50","guid":{"rendered":"https:\/\/funosa.com\/?page_id=991"},"modified":"2026-03-10T16:31:26","modified_gmt":"2026-03-10T15:31:26","slug":"datenschutzerklaerung","status":"publish","type":"page","link":"https:\/\/funosa.com\/de\/datenschutzerklaerung\/","title":{"rendered":"Datenschutzbestimmungen"},"content":{"rendered":"\n<div class=\"wp-block-group is-layout-constrained wp-container-core-group-is-layout-54c8b346 wp-block-group-is-layout-constrained\" style=\"margin-top:var(--wp--preset--spacing--50);margin-bottom:var(--wp--preset--spacing--50);padding-top:var(--wp--preset--spacing--80);padding-right:var(--wp--preset--spacing--50);padding-bottom:var(--wp--preset--spacing--80);padding-left:var(--wp--preset--spacing--50)\"><div class=\"yoast-breadcrumbs\"><span><span><a href=\"https:\/\/funosa.com\/de\/\">Startseite<\/a><\/span> \u00bb <span class=\"breadcrumb_last\" aria-current=\"page\">Datenschutzbestimmungen<\/span><\/span><\/div>\n\n\n<h1 class=\"wp-block-heading\">Datenschutzbestimmungen<\/h1>\n\n\n\n<h4 class=\"wp-block-heading\">Datenkontrolleur<\/h4>\n\n\n\n<ul class=\"wp-block-list\">\n<li>Identit\u00e4t: Fundiciones de \u00d3dena, SA  <\/li>\n\n\n\n<li>Postanschrift: Ctra. NII Km. 555,2 &#8211; 08711 \u00d2dena (Barcelona)   <\/li>\n\n\n\n<li>Telefon: +34 93 804 7373  <\/li>\n\n\n\n<li>Ansprechpartner f\u00fcr Datenschutz und Privatsph\u00e4re: Fundiciones de \u00d3dena, SA  <\/li>\n<\/ul>\n\n\n\n<h4 class=\"wp-block-heading\">Zweck<\/h4>\n\n\n\n<p>Wir verarbeiten die von den Interessenten an unseren Dienstleistungen bereitgestellten Informationen, um den Versand der \u00fcber die Formulare auf der Website angeforderten Informationen zu verwalten.  <\/p>\n\n\n\n<p>Die zur Verf\u00fcgung gestellten personenbezogenen Daten werden so lange aufbewahrt, bis die betroffene Person ihre Aussetzung beantragt, um ihre Rechte an den Daten auszu\u00fcben.  <\/p>\n\n\n\n<h4 class=\"wp-block-heading\">Legitimation<\/h4>\n\n\n\n<p>Das Angebot prospektiver und erweiterter Informationen \u00fcber unsere Dienstleistungen und Produkte basiert auf der Zustimmung, die wir von den betroffenen Personen zum Zeitpunkt der Anfrage nach Kontaktdaten einholen und mit der sie ausdr\u00fccklich einverstanden sind.  <\/p>\n\n\n\n<h4 class=\"wp-block-heading\">Adressaten<\/h4>\n\n\n\n<p>Wir geben keine Daten an Dritte weiter, es sei denn, ein Gesetz oder ein Gerichtsbeschluss sieht etwas anderes vor. Wir nutzen keinen Webhosting-Dienst eines Dritten f\u00fcr die Verarbeitung und Speicherung von Daten in unserem Namen.   <br\/><\/p>\n\n\n\n<h4 class=\"wp-block-heading\">Rechte<\/h4>\n\n\n\n<p>Jede Person hat das Recht, eine Best\u00e4tigung dar\u00fcber zu erhalten, ob wir sie betreffende personenbezogene Daten verarbeiten oder nicht.  <\/p>\n\n\n\n<p>Betroffene Personen haben das Recht auf Zugang zu ihren personenbezogenen Daten sowie auf die Berichtigung der indizierten Daten oder gegebenenfalls auf deren Aussetzung, wenn die Daten unter anderem f\u00fcr die Zwecke, f\u00fcr die sie erhoben wurden, nicht mehr erforderlich sind.  <\/p>\n\n\n\n<p>Unter bestimmten Umst\u00e4nden k\u00f6nnen betroffene Personen die Einschr\u00e4nkung der Verarbeitung ihrer Daten verlangen. In diesem Fall werden wir die Daten nur zur Aus\u00fcbung oder Verteidigung von Anspr\u00fcchen aufbewahren.  <\/p>\n\n\n\n<p>Unter bestimmten Umst\u00e4nden und aus Gr\u00fcnden, die sich auf ihre besondere Situation beziehen, k\u00f6nnen Betroffene der Verarbeitung ihrer Daten widersprechen. Wir werden die Verarbeitung der Daten einstellen, au\u00dfer aus zwingenden legitimen Gr\u00fcnden oder zur Aus\u00fcbung oder Verteidigung m\u00f6glicher Anspr\u00fcche.   <br\/><\/p>\n\n\n\n<h4 class=\"wp-block-heading\">Quelle<\/h4>\n\n\n\n<p>Alle Daten werden direkt auf der Website erhoben, und zwar immer dann, wenn der Interessent sie \u00fcber die daf\u00fcr vorgesehenen Formulare angibt. Sie werden nicht auf andere Weise erfasst.   <\/p>\n\n\n\n<p>Die von der Website verwendeten Cookie-Richtlinien sind im entsprechenden Abschnitt aufgef\u00fchrt. Sie werden im Browser gespeichert, nachdem der Benutzer seine ausdr\u00fcckliche Zustimmung erteilt hat (niemals standardm\u00e4\u00dfig oder beim Browsen). Der Grad der Cookie-Registrierung kann vom Benutzer jederzeit \u00fcber das von der Website selbst bereitgestellte Tool ge\u00e4ndert werden.  <\/p>\n<\/div>\n","protected":false},"excerpt":{"rendered":"<p>Datenschutzbestimmungen Datenkontrolleur Zweck Wir verarbeiten die von den Interessenten an unseren Dienstleistungen bereitgestellten Informationen, um den Versand der \u00fcber die Formulare auf der Website angeforderten Informationen zu verwalten. Die zur Verf\u00fcgung gestellten personenbezogenen Daten werden so lange aufbewahrt, bis die betroffene Person ihre Aussetzung beantragt, um ihre Rechte an den Daten auszu\u00fcben. Legitimation Das Angebot [&hellip;]<\/p>\n","protected":false},"author":1,"featured_media":0,"parent":0,"menu_order":0,"comment_status":"closed","ping_status":"closed","template":"","meta":{"_kad_blocks_custom_css":"","_kad_blocks_head_custom_js":"","_kad_blocks_body_custom_js":"","_kad_blocks_footer_custom_js":"","footnotes":""},"class_list":["post-991","page","type-page","status-publish","hentry"],"yoast_head":"<!-- This site is optimized with the Yoast SEO plugin v27.1.1 - https:\/\/yoast.com\/product\/yoast-seo-wordpress\/ -->\n<title>Datenschutzerkl\u00e4rung | FUNOSA<\/title>\n<meta name=\"description\" content=\"Datenschutzerkl\u00e4rung und Schutz personenbezogener Daten von Funosa.\" \/>\n<meta name=\"robots\" content=\"index, follow, max-snippet:-1, max-image-preview:large, max-video-preview:-1\" \/>\n<link rel=\"canonical\" href=\"https:\/\/funosa.com\/de\/datenschutzerklaerung\/\" \/>\n<meta property=\"og:locale\" content=\"de_DE\" \/>\n<meta property=\"og:type\" content=\"article\" \/>\n<meta property=\"og:title\" content=\"Datenschutzerkl\u00e4rung | FUNOSA\" \/>\n<meta property=\"og:description\" content=\"Datenschutzerkl\u00e4rung und Schutz personenbezogener Daten von Funosa.\" \/>\n<meta property=\"og:url\" content=\"https:\/\/funosa.com\/de\/datenschutzerklaerung\/\" \/>\n<meta property=\"og:site_name\" content=\"Funosa\" \/>\n<meta property=\"article:modified_time\" content=\"2026-03-10T15:31:26+00:00\" \/>\n<meta name=\"twitter:card\" content=\"summary_large_image\" \/>\n<meta name=\"twitter:label1\" content=\"Gesch\u00e4tzte Lesezeit\" \/>\n\t<meta name=\"twitter:data1\" content=\"2\u00a0Minuten\" \/>\n<script type=\"application\/ld+json\" class=\"yoast-schema-graph\">{\"@context\":\"https:\/\/schema.org\",\"@graph\":[{\"@type\":\"WebPage\",\"@id\":\"https:\/\/funosa.com\/de\/datenschutzerklaerung\/\",\"url\":\"https:\/\/funosa.com\/de\/datenschutzerklaerung\/\",\"name\":\"Datenschutzerkl\u00e4rung | FUNOSA\",\"isPartOf\":{\"@id\":\"https:\/\/funosa.com\/de\/#website\"},\"datePublished\":\"2025-12-12T08:06:50+00:00\",\"dateModified\":\"2026-03-10T15:31:26+00:00\",\"description\":\"Datenschutzerkl\u00e4rung und Schutz personenbezogener Daten von Funosa.\",\"breadcrumb\":{\"@id\":\"https:\/\/funosa.com\/de\/datenschutzerklaerung\/#breadcrumb\"},\"inLanguage\":\"de\",\"potentialAction\":[{\"@type\":\"ReadAction\",\"target\":[\"https:\/\/funosa.com\/de\/datenschutzerklaerung\/\"]}]},{\"@type\":\"BreadcrumbList\",\"@id\":\"https:\/\/funosa.com\/de\/datenschutzerklaerung\/#breadcrumb\",\"itemListElement\":[{\"@type\":\"ListItem\",\"position\":1,\"name\":\"Startseite\",\"item\":\"https:\/\/funosa.com\/de\/\"},{\"@type\":\"ListItem\",\"position\":2,\"name\":\"Datenschutzbestimmungen\"}]},{\"@type\":\"WebSite\",\"@id\":\"https:\/\/funosa.com\/de\/#website\",\"url\":\"https:\/\/funosa.com\/de\/\",\"name\":\"Funosa\",\"description\":\"Fundici\u00f3n t\u00e9cnica para la industria y la infraestructura\",\"publisher\":{\"@id\":\"https:\/\/funosa.com\/de\/#organization\"},\"potentialAction\":[{\"@type\":\"SearchAction\",\"target\":{\"@type\":\"EntryPoint\",\"urlTemplate\":\"https:\/\/funosa.com\/de\/?s={search_term_string}\"},\"query-input\":{\"@type\":\"PropertyValueSpecification\",\"valueRequired\":true,\"valueName\":\"search_term_string\"}}],\"inLanguage\":\"de\"},{\"@type\":\"Organization\",\"@id\":\"https:\/\/funosa.com\/de\/#organization\",\"name\":\"Funosa\",\"url\":\"https:\/\/funosa.com\/de\/\",\"logo\":{\"@type\":\"ImageObject\",\"inLanguage\":\"de\",\"@id\":\"https:\/\/funosa.com\/de\/#\/schema\/logo\/image\/\",\"url\":\"https:\/\/funosa.com\/wp-content\/uploads\/2025\/11\/logo-funosa.png\",\"contentUrl\":\"https:\/\/funosa.com\/wp-content\/uploads\/2025\/11\/logo-funosa.png\",\"width\":126,\"height\":41,\"caption\":\"Funosa\"},\"image\":{\"@id\":\"https:\/\/funosa.com\/de\/#\/schema\/logo\/image\/\"},\"sameAs\":[\"https:\/\/www.linkedin.com\/company\/funosafoundry\/\",\"https:\/\/www.youtube.com\/channel\/UCldy4xvFur-w1kQo9SecXEQ\"]}]}<\/script>\n<!-- \/ Yoast SEO plugin. -->","yoast_head_json":{"title":"Datenschutzerkl\u00e4rung | FUNOSA","description":"Datenschutzerkl\u00e4rung und Schutz personenbezogener Daten von Funosa.","robots":{"index":"index","follow":"follow","max-snippet":"max-snippet:-1","max-image-preview":"max-image-preview:large","max-video-preview":"max-video-preview:-1"},"canonical":"https:\/\/funosa.com\/de\/datenschutzerklaerung\/","og_locale":"de_DE","og_type":"article","og_title":"Datenschutzerkl\u00e4rung | FUNOSA","og_description":"Datenschutzerkl\u00e4rung und Schutz personenbezogener Daten von Funosa.","og_url":"https:\/\/funosa.com\/de\/datenschutzerklaerung\/","og_site_name":"Funosa","article_modified_time":"2026-03-10T15:31:26+00:00","twitter_card":"summary_large_image","twitter_misc":{"Gesch\u00e4tzte Lesezeit":"2\u00a0Minuten"},"schema":{"@context":"https:\/\/schema.org","@graph":[{"@type":"WebPage","@id":"https:\/\/funosa.com\/de\/datenschutzerklaerung\/","url":"https:\/\/funosa.com\/de\/datenschutzerklaerung\/","name":"Datenschutzerkl\u00e4rung | FUNOSA","isPartOf":{"@id":"https:\/\/funosa.com\/de\/#website"},"datePublished":"2025-12-12T08:06:50+00:00","dateModified":"2026-03-10T15:31:26+00:00","description":"Datenschutzerkl\u00e4rung und Schutz personenbezogener Daten von Funosa.","breadcrumb":{"@id":"https:\/\/funosa.com\/de\/datenschutzerklaerung\/#breadcrumb"},"inLanguage":"de","potentialAction":[{"@type":"ReadAction","target":["https:\/\/funosa.com\/de\/datenschutzerklaerung\/"]}]},{"@type":"BreadcrumbList","@id":"https:\/\/funosa.com\/de\/datenschutzerklaerung\/#breadcrumb","itemListElement":[{"@type":"ListItem","position":1,"name":"Startseite","item":"https:\/\/funosa.com\/de\/"},{"@type":"ListItem","position":2,"name":"Datenschutzbestimmungen"}]},{"@type":"WebSite","@id":"https:\/\/funosa.com\/de\/#website","url":"https:\/\/funosa.com\/de\/","name":"Funosa","description":"Fundici\u00f3n t\u00e9cnica para la industria y la infraestructura","publisher":{"@id":"https:\/\/funosa.com\/de\/#organization"},"potentialAction":[{"@type":"SearchAction","target":{"@type":"EntryPoint","urlTemplate":"https:\/\/funosa.com\/de\/?s={search_term_string}"},"query-input":{"@type":"PropertyValueSpecification","valueRequired":true,"valueName":"search_term_string"}}],"inLanguage":"de"},{"@type":"Organization","@id":"https:\/\/funosa.com\/de\/#organization","name":"Funosa","url":"https:\/\/funosa.com\/de\/","logo":{"@type":"ImageObject","inLanguage":"de","@id":"https:\/\/funosa.com\/de\/#\/schema\/logo\/image\/","url":"https:\/\/funosa.com\/wp-content\/uploads\/2025\/11\/logo-funosa.png","contentUrl":"https:\/\/funosa.com\/wp-content\/uploads\/2025\/11\/logo-funosa.png","width":126,"height":41,"caption":"Funosa"},"image":{"@id":"https:\/\/funosa.com\/de\/#\/schema\/logo\/image\/"},"sameAs":["https:\/\/www.linkedin.com\/company\/funosafoundry\/","https:\/\/www.youtube.com\/channel\/UCldy4xvFur-w1kQo9SecXEQ"]}]}},"taxonomy_info":[],"featured_image_src_large":false,"author_info":{"display_name":"novaigrup-adm","author_link":"https:\/\/funosa.com\/de\/author\/novaigrup-adm\/"},"comment_info":0,"_links":{"self":[{"href":"https:\/\/funosa.com\/de\/wp-json\/wp\/v2\/pages\/991","targetHints":{"allow":["GET"]}}],"collection":[{"href":"https:\/\/funosa.com\/de\/wp-json\/wp\/v2\/pages"}],"about":[{"href":"https:\/\/funosa.com\/de\/wp-json\/wp\/v2\/types\/page"}],"author":[{"embeddable":true,"href":"https:\/\/funosa.com\/de\/wp-json\/wp\/v2\/users\/1"}],"replies":[{"embeddable":true,"href":"https:\/\/funosa.com\/de\/wp-json\/wp\/v2\/comments?post=991"}],"version-history":[{"count":5,"href":"https:\/\/funosa.com\/de\/wp-json\/wp\/v2\/pages\/991\/revisions"}],"predecessor-version":[{"id":1766,"href":"https:\/\/funosa.com\/de\/wp-json\/wp\/v2\/pages\/991\/revisions\/1766"}],"wp:attachment":[{"href":"https:\/\/funosa.com\/de\/wp-json\/wp\/v2\/media?parent=991"}],"curies":[{"name":"wp","href":"https:\/\/api.w.org\/{rel}","templated":true}]}}