{"id":961,"date":"2025-11-17T17:25:49","date_gmt":"2025-11-17T16:25:49","guid":{"rendered":"https:\/\/funosa.com\/?page_id=961"},"modified":"2026-03-10T17:03:24","modified_gmt":"2026-03-10T16:03:24","slug":"blog","status":"publish","type":"page","link":"https:\/\/funosa.com\/de\/blog\/","title":{"rendered":"Nachrichten"},"content":{"rendered":"\n<div class=\"wp-block-group is-layout-constrained wp-container-core-group-is-layout-9e16be25 wp-block-group-is-layout-constrained\" style=\"margin-top:var(--wp--preset--spacing--50);margin-bottom:var(--wp--preset--spacing--50);padding-top:var(--wp--preset--spacing--80);padding-right:var(--wp--preset--spacing--50);padding-bottom:0;padding-left:var(--wp--preset--spacing--50)\">\n<p class=\"has-scope-font-family\">NEWS<\/p>\n\n\n\n<h1 class=\"wp-block-heading\">Das Neueste von funosa<\/h1>\n<\/div>\n\n<div class=\"wp-block-group is-layout-constrained wp-container-core-group-is-layout-5cb30121 wp-block-group-is-layout-constrained\" style=\"padding-right:var(--wp--preset--spacing--50);padding-left:var(--wp--preset--spacing--50)\">\n<div class=\"wp-block-query is-layout-flow wp-block-query-is-layout-flow\"><ul class=\"columns-3 wp-block-post-template is-layout-grid wp-container-core-post-template-is-layout-6d3fbd8f wp-block-post-template-is-layout-grid\"><li class=\"wp-block-post post-1879 post type-post status-publish format-standard has-post-thumbnail hentry category-nicht-kategorisiert\">\n<figure class=\"alignwide wp-block-post-featured-image\"><a href=\"https:\/\/funosa.com\/de\/maennlicher-ausloeser-zuschuss\/\" target=\"_self\"  ><img decoding=\"async\" width=\"904\" height=\"638\" src=\"https:\/\/funosa.com\/wp-content\/uploads\/2025\/11\/subvencio-lora01.png\" class=\"attachment-post-thumbnail size-post-thumbnail wp-post-image\" alt=\"M\u00e4nnlicher Ausl\u00f6ser Zuschuss\" style=\"object-fit:cover;\" srcset=\"https:\/\/funosa.com\/wp-content\/uploads\/2025\/11\/subvencio-lora01.png 904w, https:\/\/funosa.com\/wp-content\/uploads\/2025\/11\/subvencio-lora01-300x212.png 300w, https:\/\/funosa.com\/wp-content\/uploads\/2025\/11\/subvencio-lora01-768x542.png 768w\" sizes=\"(max-width: 904px) 100vw, 904px\" \/><\/a><\/figure>\n\n<div class=\"wp-block-post-date\"><time datetime=\"2025-11-14T12:47:42+01:00\">14 de November de 2025<\/time><\/div>\n\n<h2 class=\"wp-block-post-title has-custom-4-font-size\"><a href=\"https:\/\/funosa.com\/de\/maennlicher-ausloeser-zuschuss\/\" target=\"_self\" >M\u00e4nnlicher Ausl\u00f6ser Zuschuss<\/a><\/h2>\n\n<div class=\"wp-block-post-excerpt\"><p class=\"wp-block-post-excerpt__excerpt\">FUNDICIONES DE ODENA, SA hat einen Zuschuss f\u00fcr sein Energiespar- und Effizienzprojekt Energieeffiziente Kernschie\u00dfanlage erhalten, das vom Europ\u00e4ischen Fonds f\u00fcr regionale Entwicklung (EFRE) kofinanziert, von IDAE koordiniert und von den autonomen Regionen im Rahmen des Nationalen Energieeffizienzfonds verwaltet wird, um eine sauberere und nachhaltigere Wirtschaft zu erreichen. Es wurde ein Projekt zur Energieeinsparung und -effizienz&hellip;<\/p><p class=\"wp-block-post-excerpt__more-text\"><a class=\"wp-block-post-excerpt__more-link\" href=\"https:\/\/funosa.com\/de\/maennlicher-ausloeser-zuschuss\/\">Lesen Sie  <img decoding=\"async\" width=\"24\" height=\"24\" class=\"wp-image-1844\" style=\"width: 24px\" src=\"https:\/\/funosa.com\/wp-content\/uploads\/2026\/02\/download-icon-white.png\" alt=\"\"><\/a><\/p><\/div>\n<\/li><li class=\"wp-block-post post-1748 post type-post status-publish format-standard has-post-thumbnail hentry category-nicht-kategorisiert\">\n<figure class=\"alignwide wp-block-post-featured-image\"><a href=\"https:\/\/funosa.com\/de\/neue-disamatic-formanlage\/\" target=\"_self\"  ><img decoding=\"async\" width=\"1024\" height=\"761\" src=\"https:\/\/funosa.com\/wp-content\/uploads\/2025\/11\/disamatic-moulding-line.jpg\" class=\"attachment-post-thumbnail size-post-thumbnail wp-post-image\" alt=\"Neue DISAMATIC-Formanlage\" style=\"object-fit:cover;\" srcset=\"https:\/\/funosa.com\/wp-content\/uploads\/2025\/11\/disamatic-moulding-line.jpg 1024w, https:\/\/funosa.com\/wp-content\/uploads\/2025\/11\/disamatic-moulding-line-300x223.jpg 300w, https:\/\/funosa.com\/wp-content\/uploads\/2025\/11\/disamatic-moulding-line-768x571.jpg 768w\" sizes=\"(max-width: 1024px) 100vw, 1024px\" \/><\/a><\/figure>\n\n<div class=\"wp-block-post-date\"><time datetime=\"2025-10-21T10:14:23+02:00\">21 de Oktober de 2025<\/time><\/div>\n\n<h2 class=\"wp-block-post-title has-custom-4-font-size\"><a href=\"https:\/\/funosa.com\/de\/neue-disamatic-formanlage\/\" target=\"_self\" >Neue DISAMATIC-Formanlage<\/a><\/h2>\n\n<div class=\"wp-block-post-excerpt\"><p class=\"wp-block-post-excerpt__excerpt\">Funosa hat eine neue DISAMATIC D3 Z555 gekauft, die im August 2021 installiert wird. Die Installation der neuen Kehlmaschine D3 Z555 bildet den Abschluss des Renovierungsprojekts der vertikalen Formanlage, das aus der Installation der neuen DISA TM Mixer 285-160 M\u00fchle zusammen mit einem Sand-Multicontroller (SMC) im August 2018 und der Installation der neuen WHEELABRATOR CT4&hellip;<\/p><p class=\"wp-block-post-excerpt__more-text\"><a class=\"wp-block-post-excerpt__more-link\" href=\"https:\/\/funosa.com\/de\/neue-disamatic-formanlage\/\">Lesen Sie  <img decoding=\"async\" width=\"24\" height=\"24\" class=\"wp-image-1844\" style=\"width: 24px\" src=\"https:\/\/funosa.com\/wp-content\/uploads\/2026\/02\/download-icon-white.png\" alt=\"\"><\/a><\/p><\/div>\n<\/li><\/ul><\/div>\n<\/div>\n","protected":false},"excerpt":{"rendered":"<p>NEWS Das Neueste von funosa<\/p>\n","protected":false},"author":1,"featured_media":0,"parent":0,"menu_order":0,"comment_status":"closed","ping_status":"closed","template":"","meta":{"_kad_blocks_custom_css":"","_kad_blocks_head_custom_js":"","_kad_blocks_body_custom_js":"","_kad_blocks_footer_custom_js":"","footnotes":""},"class_list":["post-961","page","type-page","status-publish","hentry"],"yoast_head":"<!-- This site is optimized with the Yoast SEO plugin v27.1.1 - https:\/\/yoast.com\/product\/yoast-seo-wordpress\/ -->\n<title>Industrielle Gie\u00dferei Nachrichten und Updates | FUNOSA<\/title>\n<meta name=\"description\" content=\"Funosa Nachrichten, Innovationen und Fortschritte in der industriellen Gie\u00dferei, Technologie und Nachhaltigkeit.\" \/>\n<meta name=\"robots\" content=\"index, follow, max-snippet:-1, max-image-preview:large, max-video-preview:-1\" \/>\n<link rel=\"canonical\" href=\"https:\/\/funosa.com\/de\/blog\/\" \/>\n<meta property=\"og:locale\" content=\"de_DE\" \/>\n<meta property=\"og:type\" content=\"article\" \/>\n<meta property=\"og:title\" content=\"Industrielle Gie\u00dferei Nachrichten und Updates | FUNOSA\" \/>\n<meta property=\"og:description\" content=\"Funosa Nachrichten, Innovationen und Fortschritte in der industriellen Gie\u00dferei, Technologie und Nachhaltigkeit.\" \/>\n<meta property=\"og:url\" content=\"https:\/\/funosa.com\/de\/blog\/\" \/>\n<meta property=\"og:site_name\" content=\"Funosa\" \/>\n<meta property=\"article:modified_time\" content=\"2026-03-10T16:03:24+00:00\" \/>\n<meta name=\"twitter:card\" content=\"summary_large_image\" \/>\n<script type=\"application\/ld+json\" class=\"yoast-schema-graph\">{\"@context\":\"https:\/\/schema.org\",\"@graph\":[{\"@type\":\"WebPage\",\"@id\":\"https:\/\/funosa.com\/de\/blog\/\",\"url\":\"https:\/\/funosa.com\/de\/blog\/\",\"name\":\"Industrielle Gie\u00dferei Nachrichten und Updates | FUNOSA\",\"isPartOf\":{\"@id\":\"https:\/\/funosa.com\/de\/#website\"},\"datePublished\":\"2025-11-17T16:25:49+00:00\",\"dateModified\":\"2026-03-10T16:03:24+00:00\",\"description\":\"Funosa Nachrichten, Innovationen und Fortschritte in der industriellen Gie\u00dferei, Technologie und Nachhaltigkeit.\",\"breadcrumb\":{\"@id\":\"https:\/\/funosa.com\/de\/blog\/#breadcrumb\"},\"inLanguage\":\"de\",\"potentialAction\":[{\"@type\":\"ReadAction\",\"target\":[\"https:\/\/funosa.com\/de\/blog\/\"]}]},{\"@type\":\"BreadcrumbList\",\"@id\":\"https:\/\/funosa.com\/de\/blog\/#breadcrumb\",\"itemListElement\":[{\"@type\":\"ListItem\",\"position\":1,\"name\":\"Startseite\",\"item\":\"https:\/\/funosa.com\/de\/\"},{\"@type\":\"ListItem\",\"position\":2,\"name\":\"Nachrichten\"}]},{\"@type\":\"WebSite\",\"@id\":\"https:\/\/funosa.com\/de\/#website\",\"url\":\"https:\/\/funosa.com\/de\/\",\"name\":\"Funosa\",\"description\":\"Fundici\u00f3n t\u00e9cnica para la industria y la infraestructura\",\"publisher\":{\"@id\":\"https:\/\/funosa.com\/de\/#organization\"},\"potentialAction\":[{\"@type\":\"SearchAction\",\"target\":{\"@type\":\"EntryPoint\",\"urlTemplate\":\"https:\/\/funosa.com\/de\/?s={search_term_string}\"},\"query-input\":{\"@type\":\"PropertyValueSpecification\",\"valueRequired\":true,\"valueName\":\"search_term_string\"}}],\"inLanguage\":\"de\"},{\"@type\":\"Organization\",\"@id\":\"https:\/\/funosa.com\/de\/#organization\",\"name\":\"Funosa\",\"url\":\"https:\/\/funosa.com\/de\/\",\"logo\":{\"@type\":\"ImageObject\",\"inLanguage\":\"de\",\"@id\":\"https:\/\/funosa.com\/de\/#\/schema\/logo\/image\/\",\"url\":\"https:\/\/funosa.com\/wp-content\/uploads\/2025\/11\/logo-funosa.png\",\"contentUrl\":\"https:\/\/funosa.com\/wp-content\/uploads\/2025\/11\/logo-funosa.png\",\"width\":126,\"height\":41,\"caption\":\"Funosa\"},\"image\":{\"@id\":\"https:\/\/funosa.com\/de\/#\/schema\/logo\/image\/\"},\"sameAs\":[\"https:\/\/www.linkedin.com\/company\/funosafoundry\/\",\"https:\/\/www.youtube.com\/channel\/UCldy4xvFur-w1kQo9SecXEQ\"]}]}<\/script>\n<!-- \/ Yoast SEO plugin. -->","yoast_head_json":{"title":"Industrielle Gie\u00dferei Nachrichten und Updates | FUNOSA","description":"Funosa Nachrichten, Innovationen und Fortschritte in der industriellen Gie\u00dferei, Technologie und Nachhaltigkeit.","robots":{"index":"index","follow":"follow","max-snippet":"max-snippet:-1","max-image-preview":"max-image-preview:large","max-video-preview":"max-video-preview:-1"},"canonical":"https:\/\/funosa.com\/de\/blog\/","og_locale":"de_DE","og_type":"article","og_title":"Industrielle Gie\u00dferei Nachrichten und Updates | FUNOSA","og_description":"Funosa Nachrichten, Innovationen und Fortschritte in der industriellen Gie\u00dferei, Technologie und Nachhaltigkeit.","og_url":"https:\/\/funosa.com\/de\/blog\/","og_site_name":"Funosa","article_modified_time":"2026-03-10T16:03:24+00:00","twitter_card":"summary_large_image","schema":{"@context":"https:\/\/schema.org","@graph":[{"@type":"WebPage","@id":"https:\/\/funosa.com\/de\/blog\/","url":"https:\/\/funosa.com\/de\/blog\/","name":"Industrielle Gie\u00dferei Nachrichten und Updates | FUNOSA","isPartOf":{"@id":"https:\/\/funosa.com\/de\/#website"},"datePublished":"2025-11-17T16:25:49+00:00","dateModified":"2026-03-10T16:03:24+00:00","description":"Funosa Nachrichten, Innovationen und Fortschritte in der industriellen Gie\u00dferei, Technologie und Nachhaltigkeit.","breadcrumb":{"@id":"https:\/\/funosa.com\/de\/blog\/#breadcrumb"},"inLanguage":"de","potentialAction":[{"@type":"ReadAction","target":["https:\/\/funosa.com\/de\/blog\/"]}]},{"@type":"BreadcrumbList","@id":"https:\/\/funosa.com\/de\/blog\/#breadcrumb","itemListElement":[{"@type":"ListItem","position":1,"name":"Startseite","item":"https:\/\/funosa.com\/de\/"},{"@type":"ListItem","position":2,"name":"Nachrichten"}]},{"@type":"WebSite","@id":"https:\/\/funosa.com\/de\/#website","url":"https:\/\/funosa.com\/de\/","name":"Funosa","description":"Fundici\u00f3n t\u00e9cnica para la industria y la infraestructura","publisher":{"@id":"https:\/\/funosa.com\/de\/#organization"},"potentialAction":[{"@type":"SearchAction","target":{"@type":"EntryPoint","urlTemplate":"https:\/\/funosa.com\/de\/?s={search_term_string}"},"query-input":{"@type":"PropertyValueSpecification","valueRequired":true,"valueName":"search_term_string"}}],"inLanguage":"de"},{"@type":"Organization","@id":"https:\/\/funosa.com\/de\/#organization","name":"Funosa","url":"https:\/\/funosa.com\/de\/","logo":{"@type":"ImageObject","inLanguage":"de","@id":"https:\/\/funosa.com\/de\/#\/schema\/logo\/image\/","url":"https:\/\/funosa.com\/wp-content\/uploads\/2025\/11\/logo-funosa.png","contentUrl":"https:\/\/funosa.com\/wp-content\/uploads\/2025\/11\/logo-funosa.png","width":126,"height":41,"caption":"Funosa"},"image":{"@id":"https:\/\/funosa.com\/de\/#\/schema\/logo\/image\/"},"sameAs":["https:\/\/www.linkedin.com\/company\/funosafoundry\/","https:\/\/www.youtube.com\/channel\/UCldy4xvFur-w1kQo9SecXEQ"]}]}},"taxonomy_info":[],"featured_image_src_large":false,"author_info":{"display_name":"novaigrup-adm","author_link":"https:\/\/funosa.com\/de\/author\/novaigrup-adm\/"},"comment_info":0,"_links":{"self":[{"href":"https:\/\/funosa.com\/de\/wp-json\/wp\/v2\/pages\/961","targetHints":{"allow":["GET"]}}],"collection":[{"href":"https:\/\/funosa.com\/de\/wp-json\/wp\/v2\/pages"}],"about":[{"href":"https:\/\/funosa.com\/de\/wp-json\/wp\/v2\/types\/page"}],"author":[{"embeddable":true,"href":"https:\/\/funosa.com\/de\/wp-json\/wp\/v2\/users\/1"}],"replies":[{"embeddable":true,"href":"https:\/\/funosa.com\/de\/wp-json\/wp\/v2\/comments?post=961"}],"version-history":[{"count":14,"href":"https:\/\/funosa.com\/de\/wp-json\/wp\/v2\/pages\/961\/revisions"}],"predecessor-version":[{"id":3091,"href":"https:\/\/funosa.com\/de\/wp-json\/wp\/v2\/pages\/961\/revisions\/3091"}],"wp:attachment":[{"href":"https:\/\/funosa.com\/de\/wp-json\/wp\/v2\/media?parent=961"}],"curies":[{"name":"wp","href":"https:\/\/api.w.org\/{rel}","templated":true}]}}