{"id":3478,"date":"2026-03-25T13:58:55","date_gmt":"2026-03-25T12:58:55","guid":{"rendered":"https:\/\/funosa.com\/erklaerung-zur-zugaenglichkeit\/"},"modified":"2026-04-09T12:12:12","modified_gmt":"2026-04-09T10:12:12","slug":"erklaerung-zur-zugaenglichkeit","status":"publish","type":"page","link":"https:\/\/funosa.com\/de\/erklaerung-zur-zugaenglichkeit\/","title":{"rendered":"Erkl\u00e4rung zur Zug\u00e4nglichkeit"},"content":{"rendered":"\n<div class=\"wp-block-group is-layout-constrained wp-container-core-group-is-layout-54c8b346 wp-block-group-is-layout-constrained\" style=\"margin-top:var(--wp--preset--spacing--50);margin-bottom:var(--wp--preset--spacing--50);padding-top:var(--wp--preset--spacing--80);padding-right:var(--wp--preset--spacing--50);padding-bottom:var(--wp--preset--spacing--80);padding-left:var(--wp--preset--spacing--50)\"><div class=\"yoast-breadcrumbs\"><span><span><a href=\"https:\/\/funosa.com\/de\/\">Startseite<\/a><\/span> \u00bb <span class=\"breadcrumb_last\" aria-current=\"page\">Erkl\u00e4rung zur Zug\u00e4nglichkeit<\/span><\/span><\/div>\n\n\n<h1 class=\"wp-block-heading\">Erkl\u00e4rung zur Zug\u00e4nglichkeit<\/h1>\n\n\n\n<h2 class=\"wp-block-heading has-custom-4-font-size\">1. sich f\u00fcr Barrierefreiheit einsetzen<\/h2>\n\n\n\n<p>Wir bei <strong>Funosa<\/strong> arbeiten daran, die Website <a href=\"https:\/\/funosa.com\/de\/\">https:\/\/funosa.com\/de\/<\/a> so vielen Menschen wie m\u00f6glich zug\u00e4nglich zu machen, einschlie\u00dflich Menschen mit Behinderungen.<\/p>\n\n\n\n<p>Unser Ziel ist es, ein umfassendes, klares und benutzerfreundliches Erlebnis zu bieten, das die Navigation, das Verst\u00e4ndnis des Inhalts und die Nutzung der wichtigsten Funktionen der Website, einschlie\u00dflich des Prozesses der Beauftragung von Dienstleistungen, erleichtert.<\/p>\n\n\n\n<h2 class=\"wp-block-heading has-custom-4-font-size\">2. Referenzstandard<\/h2>\n\n\n\n<p>Diese Website wurde unter Beachtung guter Zug\u00e4nglichkeitspraktiken entwickelt, die sich an den vom W3C ver\u00f6ffentlichten <strong>Web Content Accessibility Guidelines (WCAG) 2.2<\/strong>, Stufe <strong>AA<\/strong>, als technischem Referenzstandard orientieren.<\/p>\n\n\n\n<h2 class=\"wp-block-heading has-custom-4-font-size\">3. bew\u00e4hrte unterst\u00fctzende Technologien<\/h2>\n\n\n\n<p>Die Website wurde mit <strong>NVDA + Microsoft Edge \/ Firefox \/ Chrome unter Windows<\/strong> \u00fcberpr\u00fcft <strong>.<\/strong><\/p>\n\n\n\n<h2 class=\"wp-block-heading has-custom-4-font-size\">4. Status der Einhaltung<\/h2>\n\n\n\n<p>Derzeit <strong>entspricht<\/strong> die Website <strong>teilweise<\/strong> den WCAG 2.2 Level AA.<\/p>\n\n\n\n<p>Interne Ma\u00dfnahmen und Kontrollen wurden w\u00e4hrend der Entwicklung implementiert, aber <strong>ein externes Audit, das<\/strong> von einer spezialisierten Einrichtung <strong>zertifiziert wurde, wurde nicht durchgef\u00fchrt<\/strong>. Aus diesem Grund wird die &#8222;vollst\u00e4ndige \u00dcbereinstimmung&#8220; nicht best\u00e4tigt. <\/p>\n\n\n\n<h2 class=\"wp-block-heading has-custom-4-font-size\">5. Durchgef\u00fchrte Ma\u00dfnahmen<\/h2>\n\n\n\n<ul class=\"wp-block-list\">\n<li>Verwendung von semantischem HTML-Markup und koh\u00e4renter Inhaltsstruktur.<\/li>\n\n\n\n<li>Geordnete und anschauliche \u00dcberschriftenstruktur.<\/li>\n\n\n\n<li>Alternative Texte in informativen Bildern, wo anwendbar.<\/li>\n\n\n\n<li>Tastaturnavigation in den Hauptstr\u00f6men.<\/li>\n\n\n\n<li>Sorgf\u00e4ltiger Farbkontrast bei den meisten Elementen.<\/li>\n\n\n\n<li>Formulare mit zugeh\u00f6rigen Beschriftungen und ggf. Hilfemeldungen.<\/li>\n\n\n\n<li>Responsive Design f\u00fcr Handy, Tablet und Desktop.<\/li>\n\n\n\n<li>Allgemeine Kompatibilit\u00e4t mit g\u00e4ngigen Hilfstechnologien.<\/li>\n<\/ul>\n\n\n\n<h2 class=\"wp-block-heading has-custom-4-font-size\">6. Inhalt oder Funktionalit\u00e4ten nicht vollst\u00e4ndig zug\u00e4nglich<\/h2>\n\n\n\n<p>Trotz dieser Bem\u00fchungen kann es in bestimmten Abschnitten oder Komponenten spezifische Zug\u00e4nglichkeitsbarrieren geben.<br\/>Zum Beispiel:<\/p>\n\n\n\n<ul class=\"wp-block-list\">\n<li>PDF-Dateien entsprechen nicht den Zug\u00e4nglichkeitsstandards, da es sich um alte Dateien handelt, die noch nicht an die Standards angepasst wurden.<\/li>\n\n\n\n<li>Die auf der Website eingebetteten Inhalte Dritter sind m\u00f6glicherweise nicht vollst\u00e4ndig zug\u00e4nglich.<\/li>\n<\/ul>\n\n\n\n<p>Verbesserungen zur Verringerung oder Beseitigung dieser Hindernisse werden vorrangig behandelt.<\/p>\n\n\n\n<h2 class=\"wp-block-heading has-custom-4-font-size\">7. Erstellung und \u00dcberarbeitung dieser Erkl\u00e4rung<\/h2>\n\n\n\n<p>Diese Erkl\u00e4rung wurde am <strong>25\/03\/2026<\/strong> erstellt und wird in regelm\u00e4\u00dfigen Abst\u00e4nden \u00fcberpr\u00fcft.<\/p>\n\n\n\n<p><strong>Verwendete Methode:<\/strong><\/p>\n\n\n\n<ul class=\"wp-block-list\">\n<li>W\u00e4hrend des Entwicklungsprozesses durchgef\u00fchrte Bewertung auf der Grundlage der WCAG 2.2 AA-Kriterien und der Checkliste f\u00fcr bew\u00e4hrte Verfahren.<\/li>\n\n\n\n<li><strong>Letzte \u00c4nderung:<\/strong> 25\/03\/2026<\/li>\n<\/ul>\n\n\n\n<h2 class=\"wp-block-heading has-custom-4-font-size\">8. Kontakt und Meldung von Vorf\u00e4llen<\/h2>\n\n\n\n<p>Wenn Sie auf Zugangsbarrieren sto\u00dfen oder Schwierigkeiten bei der Nutzung melden m\u00f6chten, k\u00f6nnen Sie uns kontaktieren:<\/p>\n\n\n\n<ul class=\"wp-block-list\">\n<li><strong>Formular:<\/strong> <a href=\"https:\/\/funosa.com\/de\/kontakt\/\">https:\/\/funosa.com\/de\/kontakt\/<\/a><\/li>\n\n\n\n<li><strong>Telefon:<\/strong> <a href=\"tel:+34938047373\" type=\"tel\" id=\"tel:+34938047373\">938 047 373<\/a><\/li>\n\n\n\n<li><strong>E-Mail:<\/strong> <a href=\"mailto:comercial@funosa.com\">comercial@funosa.com<\/a><\/li>\n<\/ul>\n\n\n\n<p>Wir verpflichten uns, innerhalb eines angemessenen Zeitraums zu reagieren und gegebenenfalls Korrekturma\u00dfnahmen zu erw\u00e4gen.<\/p>\n\n\n\n<h2 class=\"wp-block-heading has-custom-4-font-size\">9. Eigent\u00fcmerschaft<\/h2>\n\n\n\n<p>Eigent\u00fcmer der Website: <strong>Fundiciones de \u00d3dena, SA<\/strong><br\/>CIF: <strong>A 08304933<\/strong><\/p>\n<\/div>\n","protected":false},"excerpt":{"rendered":"<p>Erkl\u00e4rung zur Zug\u00e4nglichkeit 1. sich f\u00fcr Barrierefreiheit einsetzen Wir bei Funosa arbeiten daran, die Website https:\/\/funosa.com\/de\/ so vielen Menschen wie m\u00f6glich zug\u00e4nglich zu machen, einschlie\u00dflich Menschen mit Behinderungen. Unser Ziel ist es, ein umfassendes, klares und benutzerfreundliches Erlebnis zu bieten, das die Navigation, das Verst\u00e4ndnis des Inhalts und die Nutzung der wichtigsten Funktionen der Website, [&hellip;]<\/p>\n","protected":false},"author":1,"featured_media":0,"parent":0,"menu_order":0,"comment_status":"closed","ping_status":"closed","template":"","meta":{"_kad_blocks_custom_css":"","_kad_blocks_head_custom_js":"","_kad_blocks_body_custom_js":"","_kad_blocks_footer_custom_js":"","footnotes":""},"class_list":["post-3478","page","type-page","status-publish","hentry"],"yoast_head":"<!-- This site is optimized with the Yoast SEO plugin v27.1.1 - https:\/\/yoast.com\/product\/yoast-seo-wordpress\/ -->\n<title>Erkl\u00e4rung zur Zug\u00e4nglichkeit - Funosa<\/title>\n<meta name=\"robots\" content=\"index, follow, max-snippet:-1, max-image-preview:large, max-video-preview:-1\" \/>\n<link rel=\"canonical\" href=\"https:\/\/funosa.com\/de\/erklaerung-zur-zugaenglichkeit\/\" \/>\n<meta property=\"og:locale\" content=\"de_DE\" \/>\n<meta property=\"og:type\" content=\"article\" \/>\n<meta property=\"og:title\" content=\"Erkl\u00e4rung zur Zug\u00e4nglichkeit - Funosa\" \/>\n<meta property=\"og:description\" content=\"Erkl\u00e4rung zur Zug\u00e4nglichkeit 1. sich f\u00fcr Barrierefreiheit einsetzen Wir bei Funosa arbeiten daran, die Website https:\/\/funosa.com\/de\/ so vielen Menschen wie m\u00f6glich zug\u00e4nglich zu machen, einschlie\u00dflich Menschen mit Behinderungen. Unser Ziel ist es, ein umfassendes, klares und benutzerfreundliches Erlebnis zu bieten, das die Navigation, das Verst\u00e4ndnis des Inhalts und die Nutzung der wichtigsten Funktionen der Website, [&hellip;]\" \/>\n<meta property=\"og:url\" content=\"https:\/\/funosa.com\/de\/erklaerung-zur-zugaenglichkeit\/\" \/>\n<meta property=\"og:site_name\" content=\"Funosa\" \/>\n<meta property=\"article:modified_time\" content=\"2026-04-09T10:12:12+00:00\" \/>\n<meta name=\"twitter:card\" content=\"summary_large_image\" \/>\n<meta name=\"twitter:label1\" content=\"Gesch\u00e4tzte Lesezeit\" \/>\n\t<meta name=\"twitter:data1\" content=\"2\u00a0Minuten\" \/>\n<script type=\"application\/ld+json\" class=\"yoast-schema-graph\">{\"@context\":\"https:\/\/schema.org\",\"@graph\":[{\"@type\":\"WebPage\",\"@id\":\"https:\/\/funosa.com\/de\/erklaerung-zur-zugaenglichkeit\/\",\"url\":\"https:\/\/funosa.com\/de\/erklaerung-zur-zugaenglichkeit\/\",\"name\":\"Erkl\u00e4rung zur Zug\u00e4nglichkeit - Funosa\",\"isPartOf\":{\"@id\":\"https:\/\/funosa.com\/de\/#website\"},\"datePublished\":\"2026-03-25T12:58:55+00:00\",\"dateModified\":\"2026-04-09T10:12:12+00:00\",\"breadcrumb\":{\"@id\":\"https:\/\/funosa.com\/de\/erklaerung-zur-zugaenglichkeit\/#breadcrumb\"},\"inLanguage\":\"de\",\"potentialAction\":[{\"@type\":\"ReadAction\",\"target\":[\"https:\/\/funosa.com\/de\/erklaerung-zur-zugaenglichkeit\/\"]}]},{\"@type\":\"BreadcrumbList\",\"@id\":\"https:\/\/funosa.com\/de\/erklaerung-zur-zugaenglichkeit\/#breadcrumb\",\"itemListElement\":[{\"@type\":\"ListItem\",\"position\":1,\"name\":\"Startseite\",\"item\":\"https:\/\/funosa.com\/de\/\"},{\"@type\":\"ListItem\",\"position\":2,\"name\":\"Erkl\u00e4rung zur Zug\u00e4nglichkeit\"}]},{\"@type\":\"WebSite\",\"@id\":\"https:\/\/funosa.com\/de\/#website\",\"url\":\"https:\/\/funosa.com\/de\/\",\"name\":\"Funosa\",\"description\":\"Fundici\u00f3n t\u00e9cnica para la industria y la infraestructura\",\"publisher\":{\"@id\":\"https:\/\/funosa.com\/de\/#organization\"},\"potentialAction\":[{\"@type\":\"SearchAction\",\"target\":{\"@type\":\"EntryPoint\",\"urlTemplate\":\"https:\/\/funosa.com\/de\/?s={search_term_string}\"},\"query-input\":{\"@type\":\"PropertyValueSpecification\",\"valueRequired\":true,\"valueName\":\"search_term_string\"}}],\"inLanguage\":\"de\"},{\"@type\":\"Organization\",\"@id\":\"https:\/\/funosa.com\/de\/#organization\",\"name\":\"Funosa\",\"url\":\"https:\/\/funosa.com\/de\/\",\"logo\":{\"@type\":\"ImageObject\",\"inLanguage\":\"de\",\"@id\":\"https:\/\/funosa.com\/de\/#\/schema\/logo\/image\/\",\"url\":\"https:\/\/funosa.com\/wp-content\/uploads\/2025\/11\/logo-funosa.png\",\"contentUrl\":\"https:\/\/funosa.com\/wp-content\/uploads\/2025\/11\/logo-funosa.png\",\"width\":126,\"height\":41,\"caption\":\"Funosa\"},\"image\":{\"@id\":\"https:\/\/funosa.com\/de\/#\/schema\/logo\/image\/\"},\"sameAs\":[\"https:\/\/www.linkedin.com\/company\/funosafoundry\/\",\"https:\/\/www.youtube.com\/channel\/UCldy4xvFur-w1kQo9SecXEQ\"]}]}<\/script>\n<!-- \/ Yoast SEO plugin. -->","yoast_head_json":{"title":"Erkl\u00e4rung zur Zug\u00e4nglichkeit - Funosa","robots":{"index":"index","follow":"follow","max-snippet":"max-snippet:-1","max-image-preview":"max-image-preview:large","max-video-preview":"max-video-preview:-1"},"canonical":"https:\/\/funosa.com\/de\/erklaerung-zur-zugaenglichkeit\/","og_locale":"de_DE","og_type":"article","og_title":"Erkl\u00e4rung zur Zug\u00e4nglichkeit - Funosa","og_description":"Erkl\u00e4rung zur Zug\u00e4nglichkeit 1. sich f\u00fcr Barrierefreiheit einsetzen Wir bei Funosa arbeiten daran, die Website https:\/\/funosa.com\/de\/ so vielen Menschen wie m\u00f6glich zug\u00e4nglich zu machen, einschlie\u00dflich Menschen mit Behinderungen. Unser Ziel ist es, ein umfassendes, klares und benutzerfreundliches Erlebnis zu bieten, das die Navigation, das Verst\u00e4ndnis des Inhalts und die Nutzung der wichtigsten Funktionen der Website, [&hellip;]","og_url":"https:\/\/funosa.com\/de\/erklaerung-zur-zugaenglichkeit\/","og_site_name":"Funosa","article_modified_time":"2026-04-09T10:12:12+00:00","twitter_card":"summary_large_image","twitter_misc":{"Gesch\u00e4tzte Lesezeit":"2\u00a0Minuten"},"schema":{"@context":"https:\/\/schema.org","@graph":[{"@type":"WebPage","@id":"https:\/\/funosa.com\/de\/erklaerung-zur-zugaenglichkeit\/","url":"https:\/\/funosa.com\/de\/erklaerung-zur-zugaenglichkeit\/","name":"Erkl\u00e4rung zur Zug\u00e4nglichkeit - Funosa","isPartOf":{"@id":"https:\/\/funosa.com\/de\/#website"},"datePublished":"2026-03-25T12:58:55+00:00","dateModified":"2026-04-09T10:12:12+00:00","breadcrumb":{"@id":"https:\/\/funosa.com\/de\/erklaerung-zur-zugaenglichkeit\/#breadcrumb"},"inLanguage":"de","potentialAction":[{"@type":"ReadAction","target":["https:\/\/funosa.com\/de\/erklaerung-zur-zugaenglichkeit\/"]}]},{"@type":"BreadcrumbList","@id":"https:\/\/funosa.com\/de\/erklaerung-zur-zugaenglichkeit\/#breadcrumb","itemListElement":[{"@type":"ListItem","position":1,"name":"Startseite","item":"https:\/\/funosa.com\/de\/"},{"@type":"ListItem","position":2,"name":"Erkl\u00e4rung zur Zug\u00e4nglichkeit"}]},{"@type":"WebSite","@id":"https:\/\/funosa.com\/de\/#website","url":"https:\/\/funosa.com\/de\/","name":"Funosa","description":"Fundici\u00f3n t\u00e9cnica para la industria y la infraestructura","publisher":{"@id":"https:\/\/funosa.com\/de\/#organization"},"potentialAction":[{"@type":"SearchAction","target":{"@type":"EntryPoint","urlTemplate":"https:\/\/funosa.com\/de\/?s={search_term_string}"},"query-input":{"@type":"PropertyValueSpecification","valueRequired":true,"valueName":"search_term_string"}}],"inLanguage":"de"},{"@type":"Organization","@id":"https:\/\/funosa.com\/de\/#organization","name":"Funosa","url":"https:\/\/funosa.com\/de\/","logo":{"@type":"ImageObject","inLanguage":"de","@id":"https:\/\/funosa.com\/de\/#\/schema\/logo\/image\/","url":"https:\/\/funosa.com\/wp-content\/uploads\/2025\/11\/logo-funosa.png","contentUrl":"https:\/\/funosa.com\/wp-content\/uploads\/2025\/11\/logo-funosa.png","width":126,"height":41,"caption":"Funosa"},"image":{"@id":"https:\/\/funosa.com\/de\/#\/schema\/logo\/image\/"},"sameAs":["https:\/\/www.linkedin.com\/company\/funosafoundry\/","https:\/\/www.youtube.com\/channel\/UCldy4xvFur-w1kQo9SecXEQ"]}]}},"taxonomy_info":[],"featured_image_src_large":false,"author_info":{"display_name":"novaigrup-adm","author_link":"https:\/\/funosa.com\/de\/author\/novaigrup-adm\/"},"comment_info":0,"_links":{"self":[{"href":"https:\/\/funosa.com\/de\/wp-json\/wp\/v2\/pages\/3478","targetHints":{"allow":["GET"]}}],"collection":[{"href":"https:\/\/funosa.com\/de\/wp-json\/wp\/v2\/pages"}],"about":[{"href":"https:\/\/funosa.com\/de\/wp-json\/wp\/v2\/types\/page"}],"author":[{"embeddable":true,"href":"https:\/\/funosa.com\/de\/wp-json\/wp\/v2\/users\/1"}],"replies":[{"embeddable":true,"href":"https:\/\/funosa.com\/de\/wp-json\/wp\/v2\/comments?post=3478"}],"version-history":[{"count":4,"href":"https:\/\/funosa.com\/de\/wp-json\/wp\/v2\/pages\/3478\/revisions"}],"predecessor-version":[{"id":3488,"href":"https:\/\/funosa.com\/de\/wp-json\/wp\/v2\/pages\/3478\/revisions\/3488"}],"wp:attachment":[{"href":"https:\/\/funosa.com\/de\/wp-json\/wp\/v2\/media?parent=3478"}],"curies":[{"name":"wp","href":"https:\/\/api.w.org\/{rel}","templated":true}]}}