{"id":2808,"date":"2026-03-04T13:25:27","date_gmt":"2026-03-04T12:25:27","guid":{"rendered":"https:\/\/funosa.com\/canal-de-denuncias\/"},"modified":"2026-03-10T16:31:48","modified_gmt":"2026-03-10T15:31:48","slug":"beschwerdekanal","status":"publish","type":"page","link":"https:\/\/funosa.com\/de\/beschwerdekanal\/","title":{"rendered":"Canal de denuncias"},"content":{"rendered":"\n<div class=\"wp-block-group is-layout-constrained wp-container-core-group-is-layout-8558c046 wp-block-group-is-layout-constrained\" style=\"margin-top:var(--wp--preset--spacing--50);margin-bottom:var(--wp--preset--spacing--50);padding-top:var(--wp--preset--spacing--80);padding-right:var(--wp--preset--spacing--50);padding-bottom:var(--wp--preset--spacing--80);padding-left:var(--wp--preset--spacing--50)\"><div class=\"yoast-breadcrumbs\"><span><span><a href=\"https:\/\/funosa.com\/de\/\">Startseite<\/a><\/span> \u00bb <span class=\"breadcrumb_last\" aria-current=\"page\">Canal de denuncias<\/span><\/span><\/div>\n\n\n<h1 class=\"wp-block-heading\">BESCHWERDEKANAL<\/h1>\n\n\n\n<p>In Odena, 19. M\u00e4rz 2024.<\/p>\n\n\n\n<h2 class=\"wp-block-heading\">1. ZIEL<\/h2>\n\n\n\n<p>Der Zweck dieses Verfahrens besteht darin, die Entgegennahme, Bearbeitung, Untersuchung und L\u00f6sung von Beschwerden \u00fcber angebliche Unregelm\u00e4\u00dfigkeiten oder Verst\u00f6\u00dfe von Mitarbeitern, Handelsvertretern, Managern oder Gesch\u00e4ftspartnern zu regeln, die im Rahmen der Gesch\u00e4ftst\u00e4tigkeit von FUNDICIONES DE ODENA S.A. auftreten k\u00f6nnen.<\/p>\n\n\n\n<p>Der Whistleblowing-Kanal von FUNDICIONES DE ODENA S.A. ist \u00fcber das E-Mail-Konto canaldenuncias@funosa.com zug\u00e4nglich, so dass er von Mitarbeitern, Handelsvertretern, Managern, dem Vorstand und dem Verwaltungsrat sowie allen anderen interessierten Parteien genutzt werden kann.<\/p>\n\n\n\n<p>Das Ziel des Whistleblowing-Kanals ist es, die sichere Formulierung von Mitteilungen \u00fcber den <strong>Verdacht auf unregelm\u00e4\u00dfiges Verhalten, schlechte Gesch\u00e4ftspraktiken und Verst\u00f6\u00dfe gegen Compliance-Verpflichtungen<\/strong> zu kanalisieren und zu erleichtern und so ein Umfeld der Compliance zu f\u00f6rdern, das auf den Prinzipien und Werten von FUNDICIONES DE ODENA S.A. basiert.<\/p>\n\n\n\n<p>Dar\u00fcber hinaus soll das Verfahren sicherstellen, dass w\u00e4hrend des gesamten Prozesses der Schutz der Privatsph\u00e4re der beteiligten Personen und die Vertraulichkeit der in der Beschwerde enthaltenen Daten wirksam gew\u00e4hrleistet ist und dass die Beschwerde anonym eingereicht werden kann, wenn der Beschwerdef\u00fchrer dies w\u00fcnscht.<\/p>\n\n\n\n<p>Dieses Verfahren wurde vom Verwaltungsrat am 25. April 2024 genehmigt.<\/p>\n\n\n\n<h2 class=\"wp-block-heading\">2. ANWENDUNGSBEREICH<\/h2>\n\n\n\n<p>Dieses Verfahren gilt f\u00fcr alle Mitarbeiter, Handelsvertreter, Manager, das Direktorium und den Verwaltungsrat von FUNDICIONES DE ODENA S.A.<\/p>\n\n\n\n<h2 class=\"wp-block-heading\">3. WICHTIGE ASPEKTE IM ZUSAMMENHANG MIT DEM BESCHWERDEKANAL<\/h2>\n\n\n\n<h3 class=\"wp-block-heading\">3.1 PFLICHT ZUR KOMMUNIKATION<\/h3>\n\n\n\n<p>Jeder, der begr\u00fcndete Kenntnis von Handlungen oder Tatsachen hat, die gegen die ethischen Grunds\u00e4tze und Werte versto\u00dfen oder eine ungesetzliche Handlung oder eine Handlung, die gegen die geltenden Vorschriften verst\u00f6\u00dft, beinhalten k\u00f6nnten, muss FUNDICIONES DE ODENA S.A. \u00fcber den etablierten Weg informieren, indem er eine E-Mail an canaldenuncias@funosa.com schickt.<\/p>\n\n\n\n<h3 class=\"wp-block-heading\">3.2 MELDEPFLICHTIGE EREIGNISSE<\/h3>\n\n\n\n<p>Der Whistleblower-Kanal ist ein Instrument zur Meldung von Unregelm\u00e4\u00dfigkeiten oder Verst\u00f6\u00dfen. Er sollte nicht wahllos genutzt werden, sondern nur f\u00fcr die Zwecke, f\u00fcr die er vorgesehen ist. <\/p>\n\n\n\n<p>Meldepflichtige Ereignisse m\u00fcssen sich auf Verhaltensweisen, Verst\u00f6\u00dfe oder Unregelm\u00e4\u00dfigkeiten beziehen, die den allgemeinen ethischen Grunds\u00e4tzen zuwiderlaufen oder eine rechtswidrige Handlung oder einen Versto\u00df gegen die geltenden Vorschriften darstellen k\u00f6nnen.<\/p>\n\n\n\n<h3 class=\"wp-block-heading\">3.3 RECHTE DES BESCHWERDEF\u00dcHRERS<\/h3>\n\n\n\n<h4 class=\"wp-block-heading\">a) Recht auf Schutz w\u00e4hrend der Ermittlungen<\/h4>\n\n\n\n<p>FUNDICIONES DE ODENA S.A. wird allen Personen, die sich im Rahmen dieses Verfahrens beschweren, angemessenen Schutz bieten.<\/p>\n\n\n\n<h4 class=\"wp-block-heading\">b) Verbot von Vergeltungsma\u00dfnahmen<\/h4>\n\n\n\n<p>Es werden keine Repressalien gegen den Beschwerdef\u00fchrer ergriffen, sofern er nicht in b\u00f6ser Absicht gehandelt hat.<\/p>\n\n\n\n<h4 class=\"wp-block-heading\">(c) Recht auf Erhalt von Informationen<\/h4>\n\n\n\n<p>Der Beschwerdef\u00fchrer wird schriftlich dar\u00fcber informiert, ob die Beschwerde aufrechterhalten wird und wie das Ergebnis der Untersuchung aussieht.<\/p>\n\n\n\n<h4 class=\"wp-block-heading\">d) Recht zu w\u00e4hlen<\/h4>\n\n\n\n<p>Der Beschwerdef\u00fchrer kann den Weg w\u00e4hlen, den er f\u00fcr am besten geeignet h\u00e4lt, einschlie\u00dflich externer Kan\u00e4le zu den zust\u00e4ndigen Beh\u00f6rden.<\/p>\n\n\n\n<h4 class=\"wp-block-heading\">(e) Recht auf eingeschr\u00e4nkte Informationen<\/h4>\n\n\n\n<p>Es d\u00fcrfen keine Daten angefordert werden, die nicht unbedingt f\u00fcr die Bearbeitung der Beschwerde oder f\u00fcr deren Untersuchung erforderlich sind.<\/p>\n\n\n\n<h4 class=\"wp-block-heading\">f) Recht auf Anonymit\u00e4t<\/h4>\n\n\n\n<p>Der Beschwerdef\u00fchrer kann w\u00e4hrend des gesamten Prozesses anonym bleiben.<\/p>\n\n\n\n<h4 class=\"wp-block-heading\">(g) Recht auf Vertraulichkeit<\/h4>\n\n\n\n<p>Die Identit\u00e4t des Beschwerdef\u00fchrers ist vertraulich zu behandeln und darf ohne seine Zustimmung nicht offengelegt werden, es sei denn, er ist gesetzlich dazu verpflichtet.<\/p>\n\n\n\n<h4 class=\"wp-block-heading\">(h) Das Recht, innerhalb einer angemessenen Frist eine Antwort zu erhalten<\/h4>\n\n\n\n<p>Der Beschwerdef\u00fchrer erh\u00e4lt sp\u00e4testens sieben Tage nach Eingang der Beschwerde eine Empfangsbest\u00e4tigung.<\/p>\n\n\n\n<h4 class=\"wp-block-heading\">(i) Recht auf L\u00f6schung von Daten<\/h4>\n\n\n\n<p>Die Daten werden nach drei Monaten aus dem Meldesystem gel\u00f6scht, sofern sie nicht aus rechtlichen Gr\u00fcnden aufbewahrt werden m\u00fcssen.<\/p>\n\n\n\n<h2 class=\"wp-block-heading\">4. ERMITTLUNGSVERFAHREN<\/h2>\n\n\n\n<p>Das interne Verfahren regelt den gesamten Lebenszyklus der Beschwerde von der ersten Mitteilung bis zur L\u00f6sung.<\/p>\n\n\n\n<h3 class=\"wp-block-heading\">4.1 FORSCHUNGSPHASE<\/h3>\n\n\n\n<h4 class=\"wp-block-heading\">4.1.1 Mitteilung und Eingang der Beschwerde<\/h4>\n\n\n\n<p>Der Beschwerdef\u00fchrer sollte eine E-Mail an canaldenuncias@funosa.com mit den Informationen zu dem gemeldeten Sachverhalt senden.<\/p>\n\n\n\n<p><strong>E-Mail Adresse<\/strong><\/p>\n\n\n\n<p><strong>Identifizierung des Angeklagten<\/strong><\/p>\n\n\n\n<p><strong>Beschreibung des Sachverhalts<\/strong><\/p>\n\n\n\n<h3 class=\"wp-block-heading\">4.2 AUFL\u00d6SUNGSPHASE<\/h3>\n\n\n\n<p>Nach der Analyse der Beweise werden dem Direktorium oder dem Verwaltungsrat geeignete Ma\u00dfnahmen vorgeschlagen.<\/p>\n\n\n\n<p><strong>Ung\u00fcltige Beschwerde<\/strong><\/p>\n\n\n\n<p>Die Beschwerde wird geschlossen, wenn kein Versto\u00df festgestellt wird.<\/p>\n\n\n\n<p><strong>Zul\u00e4ssige Beschwerde<\/strong><\/p>\n\n\n\n<p>Wenn sich der Sachverhalt best\u00e4tigt, wird die entsprechende Sanktionsregelung angewendet.<\/p>\n\n\n\n<h2 class=\"wp-block-heading\">5. INTERESSENKONFLIKT<\/h2>\n\n\n\n<p>Wenn die Beschwerde Personen betrifft, die an der Untersuchung beteiligt sind, werden diese von dem Verfahren ausgeschlossen, um Objektivit\u00e4t zu gew\u00e4hrleisten.<\/p>\n\n\n\n<h2 class=\"wp-block-heading\">ANHANG I: HANDLUNGEN, DIE ALS VERGELTUNG GELTEN<\/h2>\n\n\n\n<p>Zu den Vergeltungsma\u00dfnahmen geh\u00f6ren Ma\u00dfnahmen wie Arbeitsplatzwechsel, Entlassung, ungerechtfertigte Sanktionen, Einsch\u00fcchterung, Bel\u00e4stigung oder die Verbreitung von f\u00fcr den Informanten nachteiligen Informationen.<\/p>\n\n\n\n<p>In Odena, 25. April 2024.<\/p>\n<\/div>\n","protected":false},"excerpt":{"rendered":"<p>BESCHWERDEKANAL In Odena, 19. M\u00e4rz 2024. 1. ZIEL Der Zweck dieses Verfahrens besteht darin, die Entgegennahme, Bearbeitung, Untersuchung und L\u00f6sung von Beschwerden \u00fcber angebliche Unregelm\u00e4\u00dfigkeiten oder Verst\u00f6\u00dfe von Mitarbeitern, Handelsvertretern, Managern oder Gesch\u00e4ftspartnern zu regeln, die im Rahmen der Gesch\u00e4ftst\u00e4tigkeit von FUNDICIONES DE ODENA S.A. auftreten k\u00f6nnen. Der Whistleblowing-Kanal von FUNDICIONES DE ODENA S.A. ist [&hellip;]<\/p>\n","protected":false},"author":1,"featured_media":0,"parent":0,"menu_order":0,"comment_status":"closed","ping_status":"closed","template":"","meta":{"_kad_blocks_custom_css":"","_kad_blocks_head_custom_js":"","_kad_blocks_body_custom_js":"","_kad_blocks_footer_custom_js":"","footnotes":""},"class_list":["post-2808","page","type-page","status-publish","hentry"],"yoast_head":"<!-- This site is optimized with the Yoast SEO plugin v27.1.1 - https:\/\/yoast.com\/product\/yoast-seo-wordpress\/ -->\n<title>Canal de denuncias - Funosa<\/title>\n<meta name=\"robots\" content=\"index, follow, max-snippet:-1, max-image-preview:large, max-video-preview:-1\" \/>\n<link rel=\"canonical\" href=\"https:\/\/funosa.com\/de\/beschwerdekanal\/\" \/>\n<meta property=\"og:locale\" content=\"de_DE\" \/>\n<meta property=\"og:type\" content=\"article\" \/>\n<meta property=\"og:title\" content=\"Canal de denuncias - Funosa\" \/>\n<meta property=\"og:description\" content=\"BESCHWERDEKANAL In Odena, 19. M\u00e4rz 2024. 1. ZIEL Der Zweck dieses Verfahrens besteht darin, die Entgegennahme, Bearbeitung, Untersuchung und L\u00f6sung von Beschwerden \u00fcber angebliche Unregelm\u00e4\u00dfigkeiten oder Verst\u00f6\u00dfe von Mitarbeitern, Handelsvertretern, Managern oder Gesch\u00e4ftspartnern zu regeln, die im Rahmen der Gesch\u00e4ftst\u00e4tigkeit von FUNDICIONES DE ODENA S.A. auftreten k\u00f6nnen. Der Whistleblowing-Kanal von FUNDICIONES DE ODENA S.A. ist [&hellip;]\" \/>\n<meta property=\"og:url\" content=\"https:\/\/funosa.com\/de\/beschwerdekanal\/\" \/>\n<meta property=\"og:site_name\" content=\"Funosa\" \/>\n<meta property=\"article:modified_time\" content=\"2026-03-10T15:31:48+00:00\" \/>\n<meta name=\"twitter:card\" content=\"summary_large_image\" \/>\n<meta name=\"twitter:label1\" content=\"Gesch\u00e4tzte Lesezeit\" \/>\n\t<meta name=\"twitter:data1\" content=\"4\u00a0Minuten\" \/>\n<script type=\"application\/ld+json\" class=\"yoast-schema-graph\">{\"@context\":\"https:\/\/schema.org\",\"@graph\":[{\"@type\":\"WebPage\",\"@id\":\"https:\/\/funosa.com\/de\/beschwerdekanal\/\",\"url\":\"https:\/\/funosa.com\/de\/beschwerdekanal\/\",\"name\":\"Canal de denuncias - Funosa\",\"isPartOf\":{\"@id\":\"https:\/\/funosa.com\/de\/#website\"},\"datePublished\":\"2026-03-04T12:25:27+00:00\",\"dateModified\":\"2026-03-10T15:31:48+00:00\",\"breadcrumb\":{\"@id\":\"https:\/\/funosa.com\/de\/beschwerdekanal\/#breadcrumb\"},\"inLanguage\":\"de\",\"potentialAction\":[{\"@type\":\"ReadAction\",\"target\":[\"https:\/\/funosa.com\/de\/beschwerdekanal\/\"]}]},{\"@type\":\"BreadcrumbList\",\"@id\":\"https:\/\/funosa.com\/de\/beschwerdekanal\/#breadcrumb\",\"itemListElement\":[{\"@type\":\"ListItem\",\"position\":1,\"name\":\"Startseite\",\"item\":\"https:\/\/funosa.com\/de\/\"},{\"@type\":\"ListItem\",\"position\":2,\"name\":\"Canal de denuncias\"}]},{\"@type\":\"WebSite\",\"@id\":\"https:\/\/funosa.com\/de\/#website\",\"url\":\"https:\/\/funosa.com\/de\/\",\"name\":\"Funosa\",\"description\":\"Fundici\u00f3n t\u00e9cnica para la industria y la infraestructura\",\"publisher\":{\"@id\":\"https:\/\/funosa.com\/de\/#organization\"},\"potentialAction\":[{\"@type\":\"SearchAction\",\"target\":{\"@type\":\"EntryPoint\",\"urlTemplate\":\"https:\/\/funosa.com\/de\/?s={search_term_string}\"},\"query-input\":{\"@type\":\"PropertyValueSpecification\",\"valueRequired\":true,\"valueName\":\"search_term_string\"}}],\"inLanguage\":\"de\"},{\"@type\":\"Organization\",\"@id\":\"https:\/\/funosa.com\/de\/#organization\",\"name\":\"Funosa\",\"url\":\"https:\/\/funosa.com\/de\/\",\"logo\":{\"@type\":\"ImageObject\",\"inLanguage\":\"de\",\"@id\":\"https:\/\/funosa.com\/de\/#\/schema\/logo\/image\/\",\"url\":\"https:\/\/funosa.com\/wp-content\/uploads\/2025\/11\/logo-funosa.png\",\"contentUrl\":\"https:\/\/funosa.com\/wp-content\/uploads\/2025\/11\/logo-funosa.png\",\"width\":126,\"height\":41,\"caption\":\"Funosa\"},\"image\":{\"@id\":\"https:\/\/funosa.com\/de\/#\/schema\/logo\/image\/\"},\"sameAs\":[\"https:\/\/www.linkedin.com\/company\/funosafoundry\/\",\"https:\/\/www.youtube.com\/channel\/UCldy4xvFur-w1kQo9SecXEQ\"]}]}<\/script>\n<!-- \/ Yoast SEO plugin. -->","yoast_head_json":{"title":"Canal de denuncias - Funosa","robots":{"index":"index","follow":"follow","max-snippet":"max-snippet:-1","max-image-preview":"max-image-preview:large","max-video-preview":"max-video-preview:-1"},"canonical":"https:\/\/funosa.com\/de\/beschwerdekanal\/","og_locale":"de_DE","og_type":"article","og_title":"Canal de denuncias - Funosa","og_description":"BESCHWERDEKANAL In Odena, 19. M\u00e4rz 2024. 1. ZIEL Der Zweck dieses Verfahrens besteht darin, die Entgegennahme, Bearbeitung, Untersuchung und L\u00f6sung von Beschwerden \u00fcber angebliche Unregelm\u00e4\u00dfigkeiten oder Verst\u00f6\u00dfe von Mitarbeitern, Handelsvertretern, Managern oder Gesch\u00e4ftspartnern zu regeln, die im Rahmen der Gesch\u00e4ftst\u00e4tigkeit von FUNDICIONES DE ODENA S.A. auftreten k\u00f6nnen. Der Whistleblowing-Kanal von FUNDICIONES DE ODENA S.A. ist [&hellip;]","og_url":"https:\/\/funosa.com\/de\/beschwerdekanal\/","og_site_name":"Funosa","article_modified_time":"2026-03-10T15:31:48+00:00","twitter_card":"summary_large_image","twitter_misc":{"Gesch\u00e4tzte Lesezeit":"4\u00a0Minuten"},"schema":{"@context":"https:\/\/schema.org","@graph":[{"@type":"WebPage","@id":"https:\/\/funosa.com\/de\/beschwerdekanal\/","url":"https:\/\/funosa.com\/de\/beschwerdekanal\/","name":"Canal de denuncias - Funosa","isPartOf":{"@id":"https:\/\/funosa.com\/de\/#website"},"datePublished":"2026-03-04T12:25:27+00:00","dateModified":"2026-03-10T15:31:48+00:00","breadcrumb":{"@id":"https:\/\/funosa.com\/de\/beschwerdekanal\/#breadcrumb"},"inLanguage":"de","potentialAction":[{"@type":"ReadAction","target":["https:\/\/funosa.com\/de\/beschwerdekanal\/"]}]},{"@type":"BreadcrumbList","@id":"https:\/\/funosa.com\/de\/beschwerdekanal\/#breadcrumb","itemListElement":[{"@type":"ListItem","position":1,"name":"Startseite","item":"https:\/\/funosa.com\/de\/"},{"@type":"ListItem","position":2,"name":"Canal de denuncias"}]},{"@type":"WebSite","@id":"https:\/\/funosa.com\/de\/#website","url":"https:\/\/funosa.com\/de\/","name":"Funosa","description":"Fundici\u00f3n t\u00e9cnica para la industria y la infraestructura","publisher":{"@id":"https:\/\/funosa.com\/de\/#organization"},"potentialAction":[{"@type":"SearchAction","target":{"@type":"EntryPoint","urlTemplate":"https:\/\/funosa.com\/de\/?s={search_term_string}"},"query-input":{"@type":"PropertyValueSpecification","valueRequired":true,"valueName":"search_term_string"}}],"inLanguage":"de"},{"@type":"Organization","@id":"https:\/\/funosa.com\/de\/#organization","name":"Funosa","url":"https:\/\/funosa.com\/de\/","logo":{"@type":"ImageObject","inLanguage":"de","@id":"https:\/\/funosa.com\/de\/#\/schema\/logo\/image\/","url":"https:\/\/funosa.com\/wp-content\/uploads\/2025\/11\/logo-funosa.png","contentUrl":"https:\/\/funosa.com\/wp-content\/uploads\/2025\/11\/logo-funosa.png","width":126,"height":41,"caption":"Funosa"},"image":{"@id":"https:\/\/funosa.com\/de\/#\/schema\/logo\/image\/"},"sameAs":["https:\/\/www.linkedin.com\/company\/funosafoundry\/","https:\/\/www.youtube.com\/channel\/UCldy4xvFur-w1kQo9SecXEQ"]}]}},"taxonomy_info":[],"featured_image_src_large":false,"author_info":{"display_name":"novaigrup-adm","author_link":"https:\/\/funosa.com\/de\/author\/novaigrup-adm\/"},"comment_info":0,"_links":{"self":[{"href":"https:\/\/funosa.com\/de\/wp-json\/wp\/v2\/pages\/2808","targetHints":{"allow":["GET"]}}],"collection":[{"href":"https:\/\/funosa.com\/de\/wp-json\/wp\/v2\/pages"}],"about":[{"href":"https:\/\/funosa.com\/de\/wp-json\/wp\/v2\/types\/page"}],"author":[{"embeddable":true,"href":"https:\/\/funosa.com\/de\/wp-json\/wp\/v2\/users\/1"}],"replies":[{"embeddable":true,"href":"https:\/\/funosa.com\/de\/wp-json\/wp\/v2\/comments?post=2808"}],"version-history":[{"count":3,"href":"https:\/\/funosa.com\/de\/wp-json\/wp\/v2\/pages\/2808\/revisions"}],"predecessor-version":[{"id":2837,"href":"https:\/\/funosa.com\/de\/wp-json\/wp\/v2\/pages\/2808\/revisions\/2837"}],"wp:attachment":[{"href":"https:\/\/funosa.com\/de\/wp-json\/wp\/v2\/media?parent=2808"}],"curies":[{"name":"wp","href":"https:\/\/api.w.org\/{rel}","templated":true}]}}