{"id":1134,"date":"2025-11-25T11:29:39","date_gmt":"2025-11-25T10:29:39","guid":{"rendered":"https:\/\/funosa.com\/trabaja-con-nosotros\/"},"modified":"2026-03-13T11:20:15","modified_gmt":"2026-03-13T10:20:15","slug":"karriere","status":"publish","type":"page","link":"https:\/\/funosa.com\/de\/karriere\/","title":{"rendered":"Arbeiten Sie mit uns"},"content":{"rendered":"\n<div class=\"wp-block-cover alignfull header\" style=\"min-height:826px;aspect-ratio:unset;\"><img decoding=\"async\" width=\"1440\" height=\"826\" class=\"wp-block-cover__image-background wp-image-1323 size-full\" alt=\"Profesional realizando una presentaci\u00f3n ante compa\u00f1eros\" src=\"https:\/\/funosa.com\/wp-content\/uploads\/2026\/01\/image-block.jpg\" data-object-fit=\"cover\" srcset=\"https:\/\/funosa.com\/wp-content\/uploads\/2026\/01\/image-block.jpg 1440w, https:\/\/funosa.com\/wp-content\/uploads\/2026\/01\/image-block-300x172.jpg 300w, https:\/\/funosa.com\/wp-content\/uploads\/2026\/01\/image-block-1024x587.jpg 1024w, https:\/\/funosa.com\/wp-content\/uploads\/2026\/01\/image-block-768x441.jpg 768w\" sizes=\"(max-width: 1440px) 100vw, 1440px\" \/><span aria-hidden=\"true\" class=\"wp-block-cover__background has-background-dim-30 has-background-dim\"><\/span><div class=\"wp-block-cover__inner-container is-layout-constrained wp-block-cover-is-layout-constrained\">\n<h1 class=\"wp-block-heading has-text-align-center has-white-color has-text-color has-link-color has-custom-2-font-size wp-elements-826b579bce0f1a422221695e7bb098c9\">Arbeiten Sie mit uns<\/h1>\n<\/div><\/div>\n\n<div class=\"wp-block-group is-layout-constrained wp-container-core-group-is-layout-f611be13 wp-block-group-is-layout-constrained\" style=\"padding-top:var(--wp--preset--spacing--50);padding-right:var(--wp--preset--spacing--50);padding-bottom:var(--wp--preset--spacing--50);padding-left:var(--wp--preset--spacing--50)\">\n<div class=\"wp-block-group is-vertical is-content-justification-right is-layout-flex wp-container-core-group-is-layout-e28d066e wp-block-group-is-layout-flex has-background\" style=\"min-height:500px;padding-top:var(--wp--preset--spacing--50);padding-right:var(--wp--preset--spacing--50);padding-bottom:var(--wp--preset--spacing--50);padding-left:var(--wp--preset--spacing--50);background-image:url(&apos;https:\/\/funosa.com\/wp-content\/uploads\/2026\/01\/formar-parte-del-equipo.jpg&apos;);background-size:cover;\">\n<div class=\"wp-block-group block-medioambiente-texto has-white-color has-main-background-color has-text-color has-background has-link-color wp-elements-86bd8cd001dc2e7ba515495c38dcbe91 is-vertical is-content-justification-right is-layout-flex wp-container-core-group-is-layout-e6f98e8e wp-block-group-is-layout-flex\" style=\"padding-top:var(--wp--preset--spacing--50);padding-right:var(--wp--preset--spacing--50);padding-bottom:var(--wp--preset--spacing--50);padding-left:var(--wp--preset--spacing--50)\">\n<div class=\"wp-block-group is-layout-constrained wp-block-group-is-layout-constrained\">\n<h3 class=\"wp-block-heading has-white-color has-text-color has-link-color wp-elements-6d328dcdb66ffa1896e88737d7d81a1e\"><strong>M\u00f6chten Sie Teil des Funosa-Teams werden, aber wir haben keine Bewerbung f\u00fcr Ihre Stelle?<\/strong><\/h3>\n\n\n\n<p class=\"has-white-color has-text-color has-link-color wp-elements-33611928d74728d410bb708d80ca3460\">Senden Sie uns Ihren Lebenslauf und wir werden Sie kontaktieren, sobald eine Stelle frei wird.<\/p>\n<\/div>\n\n\n\n<div class=\"wp-block-buttons is-layout-flex wp-block-buttons-is-layout-flex\">\n<div class=\"wp-block-button is-style-white is-style-arrow is-style-outline is-style-outline--4\"><a class=\"wp-block-button__link wp-element-button\" href=\"https:\/\/funosa.com\/de\/kontakt\/\">Kontaktieren Sie uns unter  <img decoding=\"async\" width=\"24\" height=\"24\" class=\"wp-image-154\" style=\"width: 24px;\" src=\"https:\/\/funosa.com\/wp-content\/uploads\/2025\/11\/download-icon.png\" alt=\"\"\/><\/a><\/div>\n<\/div>\n<\/div>\n<\/div>\n<\/div>\n","protected":false},"excerpt":{"rendered":"<p>Werden Sie Teil des Funosa-Teams Hier sind die derzeit verf\u00fcgbaren Stellenanzeigen Interne Verk\u00e4ufe 08292 Esparraguera Interne Verk\u00e4ufe 08292 Esparraguera Interne Verk\u00e4ufe 08292 Esparraguera Mehr Angebote sehen M\u00f6chten Sie Teil des Funosa-Teams werden, aber wir haben keine Bewerbung f\u00fcr Ihre Stelle? Senden Sie uns Ihren Lebenslauf und wir werden Sie kontaktieren, sobald eine Stelle frei wird.<\/p>\n","protected":false},"author":1,"featured_media":0,"parent":0,"menu_order":0,"comment_status":"closed","ping_status":"closed","template":"","meta":{"_kad_blocks_custom_css":"","_kad_blocks_head_custom_js":"","_kad_blocks_body_custom_js":"","_kad_blocks_footer_custom_js":"","footnotes":""},"class_list":["post-1134","page","type-page","status-publish","hentry"],"yoast_head":"<!-- This site is optimized with the Yoast SEO plugin v27.1.1 - https:\/\/yoast.com\/product\/yoast-seo-wordpress\/ -->\n<title>Arbeiten bei Funosa | Industriegie\u00dferei Jobs<\/title>\n<meta name=\"description\" content=\"Stellenangebote bei Funosa. Werden Sie Teil einer f\u00fchrenden industriellen Gie\u00dferei f\u00fcr Innovation und Nachhaltigkeit.\" \/>\n<meta name=\"robots\" content=\"index, follow, max-snippet:-1, max-image-preview:large, max-video-preview:-1\" \/>\n<link rel=\"canonical\" href=\"https:\/\/funosa.com\/de\/karriere\/\" \/>\n<meta property=\"og:locale\" content=\"de_DE\" \/>\n<meta property=\"og:type\" content=\"article\" \/>\n<meta property=\"og:title\" content=\"Arbeiten bei Funosa | Industriegie\u00dferei Jobs\" \/>\n<meta property=\"og:description\" content=\"Stellenangebote bei Funosa. Werden Sie Teil einer f\u00fchrenden industriellen Gie\u00dferei f\u00fcr Innovation und Nachhaltigkeit.\" \/>\n<meta property=\"og:url\" content=\"https:\/\/funosa.com\/de\/karriere\/\" \/>\n<meta property=\"og:site_name\" content=\"Funosa\" \/>\n<meta property=\"article:modified_time\" content=\"2026-03-13T10:20:15+00:00\" \/>\n<meta property=\"og:image\" content=\"https:\/\/funosa.com\/wp-content\/uploads\/2026\/01\/image-block.jpg\" \/>\n\t<meta property=\"og:image:width\" content=\"1440\" \/>\n\t<meta property=\"og:image:height\" content=\"826\" \/>\n\t<meta property=\"og:image:type\" content=\"image\/jpeg\" \/>\n<meta name=\"twitter:card\" content=\"summary_large_image\" \/>\n<script type=\"application\/ld+json\" class=\"yoast-schema-graph\">{\"@context\":\"https:\/\/schema.org\",\"@graph\":[{\"@type\":\"WebPage\",\"@id\":\"https:\/\/funosa.com\/de\/karriere\/\",\"url\":\"https:\/\/funosa.com\/de\/karriere\/\",\"name\":\"Arbeiten bei Funosa | Industriegie\u00dferei Jobs\",\"isPartOf\":{\"@id\":\"https:\/\/funosa.com\/de\/#website\"},\"primaryImageOfPage\":{\"@id\":\"https:\/\/funosa.com\/de\/karriere\/#primaryimage\"},\"image\":{\"@id\":\"https:\/\/funosa.com\/de\/karriere\/#primaryimage\"},\"thumbnailUrl\":\"https:\/\/funosa.com\/wp-content\/uploads\/2026\/01\/image-block.jpg\",\"datePublished\":\"2025-11-25T10:29:39+00:00\",\"dateModified\":\"2026-03-13T10:20:15+00:00\",\"description\":\"Stellenangebote bei Funosa. Werden Sie Teil einer f\u00fchrenden industriellen Gie\u00dferei f\u00fcr Innovation und Nachhaltigkeit.\",\"breadcrumb\":{\"@id\":\"https:\/\/funosa.com\/de\/karriere\/#breadcrumb\"},\"inLanguage\":\"de\",\"potentialAction\":[{\"@type\":\"ReadAction\",\"target\":[\"https:\/\/funosa.com\/de\/karriere\/\"]}]},{\"@type\":\"ImageObject\",\"inLanguage\":\"de\",\"@id\":\"https:\/\/funosa.com\/de\/karriere\/#primaryimage\",\"url\":\"https:\/\/funosa.com\/wp-content\/uploads\/2026\/01\/image-block.jpg\",\"contentUrl\":\"https:\/\/funosa.com\/wp-content\/uploads\/2026\/01\/image-block.jpg\"},{\"@type\":\"BreadcrumbList\",\"@id\":\"https:\/\/funosa.com\/de\/karriere\/#breadcrumb\",\"itemListElement\":[{\"@type\":\"ListItem\",\"position\":1,\"name\":\"Startseite\",\"item\":\"https:\/\/funosa.com\/de\/\"},{\"@type\":\"ListItem\",\"position\":2,\"name\":\"Arbeiten Sie mit uns\"}]},{\"@type\":\"WebSite\",\"@id\":\"https:\/\/funosa.com\/de\/#website\",\"url\":\"https:\/\/funosa.com\/de\/\",\"name\":\"Funosa\",\"description\":\"Fundici\u00f3n t\u00e9cnica para la industria y la infraestructura\",\"publisher\":{\"@id\":\"https:\/\/funosa.com\/de\/#organization\"},\"potentialAction\":[{\"@type\":\"SearchAction\",\"target\":{\"@type\":\"EntryPoint\",\"urlTemplate\":\"https:\/\/funosa.com\/de\/?s={search_term_string}\"},\"query-input\":{\"@type\":\"PropertyValueSpecification\",\"valueRequired\":true,\"valueName\":\"search_term_string\"}}],\"inLanguage\":\"de\"},{\"@type\":\"Organization\",\"@id\":\"https:\/\/funosa.com\/de\/#organization\",\"name\":\"Funosa\",\"url\":\"https:\/\/funosa.com\/de\/\",\"logo\":{\"@type\":\"ImageObject\",\"inLanguage\":\"de\",\"@id\":\"https:\/\/funosa.com\/de\/#\/schema\/logo\/image\/\",\"url\":\"https:\/\/funosa.com\/wp-content\/uploads\/2025\/11\/logo-funosa.png\",\"contentUrl\":\"https:\/\/funosa.com\/wp-content\/uploads\/2025\/11\/logo-funosa.png\",\"width\":126,\"height\":41,\"caption\":\"Funosa\"},\"image\":{\"@id\":\"https:\/\/funosa.com\/de\/#\/schema\/logo\/image\/\"},\"sameAs\":[\"https:\/\/www.linkedin.com\/company\/funosafoundry\/\",\"https:\/\/www.youtube.com\/channel\/UCldy4xvFur-w1kQo9SecXEQ\"]}]}<\/script>\n<!-- \/ Yoast SEO plugin. -->","yoast_head_json":{"title":"Arbeiten bei Funosa | Industriegie\u00dferei Jobs","description":"Stellenangebote bei Funosa. Werden Sie Teil einer f\u00fchrenden industriellen Gie\u00dferei f\u00fcr Innovation und Nachhaltigkeit.","robots":{"index":"index","follow":"follow","max-snippet":"max-snippet:-1","max-image-preview":"max-image-preview:large","max-video-preview":"max-video-preview:-1"},"canonical":"https:\/\/funosa.com\/de\/karriere\/","og_locale":"de_DE","og_type":"article","og_title":"Arbeiten bei Funosa | Industriegie\u00dferei Jobs","og_description":"Stellenangebote bei Funosa. Werden Sie Teil einer f\u00fchrenden industriellen Gie\u00dferei f\u00fcr Innovation und Nachhaltigkeit.","og_url":"https:\/\/funosa.com\/de\/karriere\/","og_site_name":"Funosa","article_modified_time":"2026-03-13T10:20:15+00:00","og_image":[{"width":1440,"height":826,"url":"https:\/\/funosa.com\/wp-content\/uploads\/2026\/01\/image-block.jpg","type":"image\/jpeg"}],"twitter_card":"summary_large_image","schema":{"@context":"https:\/\/schema.org","@graph":[{"@type":"WebPage","@id":"https:\/\/funosa.com\/de\/karriere\/","url":"https:\/\/funosa.com\/de\/karriere\/","name":"Arbeiten bei Funosa | Industriegie\u00dferei Jobs","isPartOf":{"@id":"https:\/\/funosa.com\/de\/#website"},"primaryImageOfPage":{"@id":"https:\/\/funosa.com\/de\/karriere\/#primaryimage"},"image":{"@id":"https:\/\/funosa.com\/de\/karriere\/#primaryimage"},"thumbnailUrl":"https:\/\/funosa.com\/wp-content\/uploads\/2026\/01\/image-block.jpg","datePublished":"2025-11-25T10:29:39+00:00","dateModified":"2026-03-13T10:20:15+00:00","description":"Stellenangebote bei Funosa. Werden Sie Teil einer f\u00fchrenden industriellen Gie\u00dferei f\u00fcr Innovation und Nachhaltigkeit.","breadcrumb":{"@id":"https:\/\/funosa.com\/de\/karriere\/#breadcrumb"},"inLanguage":"de","potentialAction":[{"@type":"ReadAction","target":["https:\/\/funosa.com\/de\/karriere\/"]}]},{"@type":"ImageObject","inLanguage":"de","@id":"https:\/\/funosa.com\/de\/karriere\/#primaryimage","url":"https:\/\/funosa.com\/wp-content\/uploads\/2026\/01\/image-block.jpg","contentUrl":"https:\/\/funosa.com\/wp-content\/uploads\/2026\/01\/image-block.jpg"},{"@type":"BreadcrumbList","@id":"https:\/\/funosa.com\/de\/karriere\/#breadcrumb","itemListElement":[{"@type":"ListItem","position":1,"name":"Startseite","item":"https:\/\/funosa.com\/de\/"},{"@type":"ListItem","position":2,"name":"Arbeiten Sie mit uns"}]},{"@type":"WebSite","@id":"https:\/\/funosa.com\/de\/#website","url":"https:\/\/funosa.com\/de\/","name":"Funosa","description":"Fundici\u00f3n t\u00e9cnica para la industria y la infraestructura","publisher":{"@id":"https:\/\/funosa.com\/de\/#organization"},"potentialAction":[{"@type":"SearchAction","target":{"@type":"EntryPoint","urlTemplate":"https:\/\/funosa.com\/de\/?s={search_term_string}"},"query-input":{"@type":"PropertyValueSpecification","valueRequired":true,"valueName":"search_term_string"}}],"inLanguage":"de"},{"@type":"Organization","@id":"https:\/\/funosa.com\/de\/#organization","name":"Funosa","url":"https:\/\/funosa.com\/de\/","logo":{"@type":"ImageObject","inLanguage":"de","@id":"https:\/\/funosa.com\/de\/#\/schema\/logo\/image\/","url":"https:\/\/funosa.com\/wp-content\/uploads\/2025\/11\/logo-funosa.png","contentUrl":"https:\/\/funosa.com\/wp-content\/uploads\/2025\/11\/logo-funosa.png","width":126,"height":41,"caption":"Funosa"},"image":{"@id":"https:\/\/funosa.com\/de\/#\/schema\/logo\/image\/"},"sameAs":["https:\/\/www.linkedin.com\/company\/funosafoundry\/","https:\/\/www.youtube.com\/channel\/UCldy4xvFur-w1kQo9SecXEQ"]}]}},"taxonomy_info":[],"featured_image_src_large":false,"author_info":{"display_name":"novaigrup-adm","author_link":"https:\/\/funosa.com\/de\/author\/novaigrup-adm\/"},"comment_info":0,"_links":{"self":[{"href":"https:\/\/funosa.com\/de\/wp-json\/wp\/v2\/pages\/1134","targetHints":{"allow":["GET"]}}],"collection":[{"href":"https:\/\/funosa.com\/de\/wp-json\/wp\/v2\/pages"}],"about":[{"href":"https:\/\/funosa.com\/de\/wp-json\/wp\/v2\/types\/page"}],"author":[{"embeddable":true,"href":"https:\/\/funosa.com\/de\/wp-json\/wp\/v2\/users\/1"}],"replies":[{"embeddable":true,"href":"https:\/\/funosa.com\/de\/wp-json\/wp\/v2\/comments?post=1134"}],"version-history":[{"count":12,"href":"https:\/\/funosa.com\/de\/wp-json\/wp\/v2\/pages\/1134\/revisions"}],"predecessor-version":[{"id":3400,"href":"https:\/\/funosa.com\/de\/wp-json\/wp\/v2\/pages\/1134\/revisions\/3400"}],"wp:attachment":[{"href":"https:\/\/funosa.com\/de\/wp-json\/wp\/v2\/media?parent=1134"}],"curies":[{"name":"wp","href":"https:\/\/api.w.org\/{rel}","templated":true}]}}